{"id":1127,"date":"2024-02-20T19:32:33","date_gmt":"2024-02-20T19:32:33","guid":{"rendered":"https:\/\/maymoestudi.cat\/?page_id=1127"},"modified":"2024-06-07T05:43:17","modified_gmt":"2024-06-07T05:43:17","slug":"avis-legal","status":"publish","type":"page","link":"https:\/\/maymoestudi.cat\/es\/aviso-legal\/","title":{"rendered":"Aviso legal"},"content":{"rendered":"<div data-elementor-type=\"wp-page\" data-elementor-id=\"1127\" class=\"elementor elementor-1127\" data-elementor-post-type=\"page\">\n\t\t\t\t<div class=\"elementor-element elementor-element-9b6522f e-flex e-con-boxed e-con e-parent\" data-id=\"9b6522f\" data-element_type=\"container\">\n\t\t\t\t\t<div class=\"e-con-inner\">\n\t\t\t\t<div class=\"elementor-element elementor-element-d623eaf elementor-widget elementor-widget-text-editor\" data-id=\"d623eaf\" data-element_type=\"widget\" data-widget_type=\"text-editor.default\">\n\t\t\t\t<div class=\"elementor-widget-container\">\n\t\t\t\t\t\t\t\t\t<p>En este Aviso Legal, el Usuario, podr\u00e1 encontrar toda la informaci\u00f3n relativa a las condiciones legales que definen las relaciones entre los usuarios y el responsable de la p\u00e1gina web accesible en la direcci\u00f3n https:\/\/maymostudi.cat, que Maym\u00f3 Studi pone a disposici\u00f3n de los usuarios de Internet.<br>\nLa utilizaci\u00f3n del sitio web implica la aceptaci\u00f3n plena y sin reservas de todas y cada una de las disposiciones incluidas en este Aviso Legal. En consecuencia, el usuario del sitio web debe leer atentamente este Aviso Legal en cada una de las ocasiones en que se proponga utilizar la web, ya que el texto podr\u00eda sufrir modificaciones a criterio del titular de la web, a causa de un cambio legislativo , jurisprudencial o en la pr\u00e1ctica empresarial.<\/p>\n<p><strong>1.- DATOS DEL RESPONSABLE TITULAR DEL SITIO WEB.<\/strong><\/p>\n<p>Nombre del titular: Jordi Maym\u00f3 Puig<br>\nCIF: 38842597J<br>\nAdre\u00e7a: 17533 \u2013 Bruguera \u2013 Ribes de Freser (Girona)<br>\nTel\u00e9fono de contacto: 637 878 049<br>\nCorreo electr\u00f3nico: info@maymostudi.cat<\/p>\n<p>Jordi Maym\u00f3 Puig es el responsable del Sitio Web y se compromete a cumplir todos los requisitos nacionales y europeos que regulan el uso de los datos personales de los usuarios.<\/p>\n<p>Este Sitio Web garantiza la protecci\u00f3n y confidencialidad de los datos personales que nos proporcionen de acuerdo con lo dispuesto en el Reglamento General de Protecci\u00f3n de Datos de Car\u00e1cter Personal (UE) 2016\/679 del Parlamento Europeo y del Consejo, de 27 de abril de 2016 , en la Ley Org\u00e1nica 3\/2018, de Protecci\u00f3n de Datos Personales y garant\u00eda de los derechos digitales, as\u00ed como en la Ley de Servicios de la Sociedad de la Informaci\u00f3n y Comercio Electr\u00f3nico 34\/2002 de 11 de Julio (LSSI-CE ).<\/p>\n<p><strong>2.- OBJETO.<\/strong><\/p>\n<p>El sitio web facilita a los usuarios del mismo el acceso a informaci\u00f3n y servicios prestados por Maym\u00f3 Studi a aquellas personas u organizaciones interesadas en \u00e9stos.<\/p>\n<p>El acceso y la utilizaci\u00f3n del Sitio Web atribuye la condici\u00f3n de usuario del Sitio Web (en adelante, \u201cel Usuario\u201d) e implica la aceptaci\u00f3n de todas las condiciones incluidas en este Aviso Legal as\u00ed como de sus modificaciones . La prestaci\u00f3n del servicio del Sitio Web tiene una duraci\u00f3n limitada en el momento en que el Usuario est\u00e9 conectado al Sitio Web oa alguno de los servicios que a trav\u00e9s del mismo se facilitan. Por tanto, el Usuario debe leer atentamente este Aviso Legal en cada una de las ocasiones en que se proponga utilizar el Sitio Web, ya que \u00e9ste y sus condiciones de uso recogidas en el presente Aviso Legal pueden sufrir modificaciones.<\/p>\n<p><strong>3.- ACCESO Y UTILIZACI\u00d3N DE LA WEB.<\/strong><\/p>\n<p>3.1.- Car\u00e1cter gratuito del acceso y la utilizaci\u00f3n de la web. El acceso a la web tiene car\u00e1cter gratuito para los usuarios de la misma, salvo el coste de la conexi\u00f3n a trav\u00e9s de la red de telecomunicaciones suministrada por el proveedor de acceso contratado por los usuarios.<br>\n3.2.- Registro de usuarios. Con car\u00e1cter general el acceso y utilizaci\u00f3n de la web no exige la previa suscripci\u00f3n o registro de los usuarios de la misma.<br>\n3.3.- Los usuarios garantizan y responden, en cualquier caso, de la exactitud, vigencia y autenticidad de los datos personales facilitados, comprometi\u00e9ndose a mantenerlos debidamente actualizados. El usuario acepta proporcionar informaci\u00f3n completa y correcta en el formulario de contacto o suscripci\u00f3n.<\/p>\n<p>En ning\u00fan caso se pedir\u00e1n del menor de edad datos relativos a la situaci\u00f3n profesional, econ\u00f3mica oa la intimidad de los dem\u00e1s miembros de la familia, sin su consentimiento. Si eres menor de trece a\u00f1os y has accedido a este sitio web sin avisar a tus padres no debes registrarte como usuario.<\/p>\n<p>En esta web se respetan y cuidan los datos personales de los usuarios. Como usuario debes saber que tus derechos est\u00e1n garantizados.<\/p>\n<p><strong>4.- CONTENIDOS DE LA WEB.<\/strong><\/p>\n<p>El idioma utilizado por el titular en la web ser\u00e1 el espa\u00f1ol. Maym\u00f3 Studi no se responsabiliza de la no comprensi\u00f3n o entendimiento del idioma de la web por el usuario, ni de las consecuencias.<br>\nMaym\u00f3 Studi podr\u00e1 modificar los contenidos sin previo aviso, as\u00ed como suprimir y cambiar estos dentro de la web, como la forma en que se accede a \u00e9stos, sin justificaci\u00f3n y libremente, no responsabiliz\u00e1ndose de las consecuencias que \u00e9stos puedan ocasionar a los usuarios.<br>\nSe proh\u00edbe el uso de los contenidos de la web para promocionar, contratar o divulgar publicidad o informaci\u00f3n propia o de terceras personas sin la autorizaci\u00f3n de Maym\u00f3 Studi, ni remitir publicidad o informaci\u00f3n utilizando los servicios o informaci\u00f3n que se ponen a disposici\u00f3n de los usuarios, independientemente de si la utilizaci\u00f3n es gratuita o no.<br>\nLos enlaces o hiperenlaces que incorporen terceros a sus p\u00e1ginas web, dirigidos a esta web, ser\u00e1n para la apertura de la p\u00e1gina web completa, no pudiendo manifestar, directa o indirectamente, indicaciones falsas, inexactas o confusas, ni incurrir en acciones desleales o il\u00edcitas en contra de Maym\u00f3 Studi<\/p>\n<p><strong>5.- MEDIDAS DE SEGURIDAD.<\/strong><\/p>\n<p>Los datos personales comunicados por el usuario podr\u00e1n ser almacenados en bases de datos automatizadas o no, cuya titularidad corresponde en exclusiva a Maym\u00f3 Studi, asumiendo todas las medidas de \u00edndole t\u00e9cnica, organizativa y de seguridad que garanticen la confidencialidad, integridad y calidad de la informaci\u00f3n contenida en las mismas de acuerdo con lo que establecen las normativas vigentes en materia de protecci\u00f3n de datos de car\u00e1cter personal.<\/p>\n<p><strong>6.- LIMITACI\u00d3N DE RESPONSABILIDAD.<\/strong><\/p>\n<p>Tanto el acceso a la web como el uso no consentido que pueda efectuarse de la informaci\u00f3n que contiene es de la exclusiva responsabilidad de quien lo realiza. Maym\u00f3 Studi no responder\u00e1 de ninguna consecuencia, da\u00f1o o perjuicio que pudieran derivarse de dicho acceso o uso. Maym\u00f3 Studi no se hace responsable de los errores de seguridad, que se puedan producir ni de los da\u00f1os que puedan causarse en el sistema inform\u00e1tico del usuario (hardware y software), o en los ficheros o documentos almacenados en el mismo, como consecuencia de:<br>\n\u2013 la presencia de un virus en el ordenador del usuario que sea utilizado para la conexi\u00f3n a los servicios y contenidos de la web.<br>\n\u2013 un mal funcionamiento del navegador.<br>\n\u2013 y\/o del uso de versiones no actualizadas.<br>\nMaym\u00f3 Studi no se hace responsable de la fiabilidad y rapidez de los hiperenlaces que se incorporen a la web para la apertura de otros. Maym\u00f3 Studi no garantiza la utilidad de estos enlaces, ni se responsabiliza de los contenidos o servicios a los que el usuario pueda acceder por medio de estos enlaces, ni del buen funcionamiento de estas webs.<br>\nMaym\u00f3 Studi no ser\u00e1 responsable de los virus u otros programas inform\u00e1ticos que deterioren o puedan deteriorar los sistemas o equipos inform\u00e1ticos de los usuarios al acceder a su web u otras webs a las que se haya accedido mediante enlaces de esta web.<\/p>\n<p><strong>7.- EMPLEO DE LA TECNOLOG\u00cdA \u201cCOOKIE\u201d.<\/strong><\/p>\n<p>El Sitio Web puede utilizar cookies o tecnolog\u00edas similares que se regir\u00e1n por lo establecido en la Pol\u00edtica de Cookies, accesible en todo momento y respetando la confidencialidad e intimidad del usuario, siendo parte integrante del presente Aviso Legal.<\/p>\n<p><strong>8.- NAVEGACI\u00d3N.<\/strong><\/p>\n<p>Los servidores de Internet pueden recoger datos no identificables, que puedan incluir, direcciones IP, y otros datos que no pueden ser utilizados para identificar al usuario. Su direcci\u00f3n IP se almacenar\u00e1 en los logs de acceso de forma autom\u00e1tica y con el \u00fanico fin de permitir el tr\u00e1fico por Internet, y es necesario que su equipo facilite esta direcci\u00f3n IP cuando navega por Internet para que las comunicaciones se puedan hacer. Asimismo, la direcci\u00f3n IP podr\u00e1 ser utilizada para realizar estad\u00edsticas, de forma anonimizada, sobre el n\u00famero de visitantes de esta web y su procedencia, de forma totalmente transparente a la navegaci\u00f3n.<\/p>\n<p><strong>9.- PROPIEDAD INTELECTUAL E INDUSTRIAL<\/strong><\/p>\n<p>El usuario conoce y acepta que todos los contenidos y\/o cualquier otro elemento del sitio web son propiedad de Maym\u00f3 Studi, comprometi\u00e9ndose a respetar los derechos de propiedad intelectual e industrial titularidad de Maym\u00f3 Studi. Cualquier uso de la web o sus contenidos deber\u00e1 tener un car\u00e1cter exclusivamente particular.<br>\nEst\u00e1 reservado exclusivamente a Maym\u00f3 Studi, cualquier otro uso que suponga la copia, reproducci\u00f3n, distribuci\u00f3n, transformaci\u00f3n, comunicaci\u00f3n p\u00fablica o cualquier otra acci\u00f3n similar, de todo o parte de los contenidos de la web, por lo que ning\u00fan usuario podr\u00e1 llevar a cabo estas acciones sin autorizaci\u00f3n previa y por escrito de Maym\u00f3 Studi<\/p>\n<p><strong>10.- LEGISLACI\u00d3N APLICABLE Y JURISDICCI\u00d3N COMPETENTE<\/strong><\/p>\n<p>Este Aviso Legal se interpretar\u00e1 y regir\u00e1 de conformidad con la legislaci\u00f3n espa\u00f1ola. Maym\u00f3 Studi y los usuarios, con renuncia expresa a cualquier otro fuero que pudiera corresponderles, se someten al de los juzgados y tribunales del domicilio del usuario para cualquier controversia que pudiera derivarse del acceso o uso de la web. En caso de que el usuario tenga su domicilio fuera de Espa\u00f1a, Maym\u00f3 Studi y el usuario, se someten, con renuncia expresa a cualquier otro fuero, los juzgados y tribunales de Ripoll.<\/p>\t\t\t\t\t\t\t\t<\/div>\n\t\t\t\t<\/div>\n\t\t\t\t\t<\/div>\n\t\t\t\t<\/div>\n\t\t\t\t<\/div>","protected":false},"excerpt":{"rendered":"<p>En aquest Av\u00eds Legal, l&#8217;Usuari, podr\u00e0 trobar tota la informaci\u00f3 relativa a les condicions legals que defineixen les relacions entre els usuaris i el responsable de la p\u00e0gina web accessible a l&#8217;adre\u00e7a https:\/\/maymostudi.cat, que Maym\u00f3 Studi posa a la disposici\u00f3 dels usuaris d&#8217;Internet. La utilitzaci\u00f3 del lloc web implica l&#8217;acceptaci\u00f3 plena i sense reserves de [&hellip;]<\/p>","protected":false},"author":1,"featured_media":0,"parent":0,"menu_order":20,"comment_status":"closed","ping_status":"closed","template":"","meta":{"footnotes":""},"class_list":["post-1127","page","type-page","status-publish","hentry"],"_links":{"self":[{"href":"https:\/\/maymoestudi.cat\/es\/wp-json\/wp\/v2\/pages\/1127","targetHints":{"allow":["GET"]}}],"collection":[{"href":"https:\/\/maymoestudi.cat\/es\/wp-json\/wp\/v2\/pages"}],"about":[{"href":"https:\/\/maymoestudi.cat\/es\/wp-json\/wp\/v2\/types\/page"}],"author":[{"embeddable":true,"href":"https:\/\/maymoestudi.cat\/es\/wp-json\/wp\/v2\/users\/1"}],"replies":[{"embeddable":true,"href":"https:\/\/maymoestudi.cat\/es\/wp-json\/wp\/v2\/comments?post=1127"}],"version-history":[{"count":16,"href":"https:\/\/maymoestudi.cat\/es\/wp-json\/wp\/v2\/pages\/1127\/revisions"}],"predecessor-version":[{"id":1559,"href":"https:\/\/maymoestudi.cat\/es\/wp-json\/wp\/v2\/pages\/1127\/revisions\/1559"}],"wp:attachment":[{"href":"https:\/\/maymoestudi.cat\/es\/wp-json\/wp\/v2\/media?parent=1127"}],"curies":[{"name":"wp","href":"https:\/\/api.w.org\/{rel}","templated":true}]}}