{"id":1143,"date":"2024-02-21T08:31:24","date_gmt":"2024-02-21T08:31:24","guid":{"rendered":"https:\/\/maymoestudi.cat\/?page_id=1143"},"modified":"2024-06-07T05:43:23","modified_gmt":"2024-06-07T05:43:23","slug":"politica-de-cookies","status":"publish","type":"page","link":"https:\/\/maymoestudi.cat\/es\/politica-de-cookies\/","title":{"rendered":"Pol\u00edtica de Cookies"},"content":{"rendered":"<div data-elementor-type=\"wp-page\" data-elementor-id=\"1143\" class=\"elementor elementor-1143\" data-elementor-post-type=\"page\">\n\t\t\t\t<div class=\"elementor-element elementor-element-50eb7e8 e-flex e-con-boxed e-con e-parent\" data-id=\"50eb7e8\" data-element_type=\"container\">\n\t\t\t\t\t<div class=\"e-con-inner\">\n\t\t\t\t<div class=\"elementor-element elementor-element-b6f5a1e elementor-widget elementor-widget-text-editor\" data-id=\"b6f5a1e\" data-element_type=\"widget\" data-widget_type=\"text-editor.default\">\n\t\t\t\t<div class=\"elementor-widget-container\">\n\t\t\t\t\t\t\t\t\t<p>Jordi Maym\u00f3 Puig, titular de este Sitio Web www.maymostudi.cat, utiliza cookies propias y de terceros para diferentes finalidades. Jordi Maym\u00f3 i Puig recurre al uso de cookies a efectos de cumplir las exigencias legales previstas en la Ley 34\/2002, de 11 de julio, de servicios de la sociedad de la informaci\u00f3n y de comercio electr\u00f3nico (LSSI).<\/p><p>La presente Pol\u00edtica de Cookies tiene por objeto informaros de forma clara, precisa y completa sobre las cookies que utilizamos, la informaci\u00f3n que recopilamos a trav\u00e9s de \u00e9stas y para qu\u00e9 finalidades se utiliza esta informaci\u00f3n tal y como establece el art\u00edculo 22.2 de la LSSI.<\/p><p><strong>1. \u00bfQU\u00c9 SON LAS COOKIES Y CU\u00c1L ES SU FINALIDAD?<\/strong><\/p><p>Una \u201ccookie\u201d es un archivo que se almacena en el ordenador, tableta, smartphone o cualquier otro dispositivo del usuario, con el fin de pedir y almacenar informaci\u00f3n sobre el uso, por parte de este \u00faltimo, del Sitio Web (art\u00edculo 22.2 LSSI) .<\/p><p><strong>2. \u00bfQUI\u00c9N ES EL RESPONSABLE?<\/strong><\/p><p>Las cookies utilizadas en la p\u00e1gina web son tratadas por Jordi Maym\u00f3 i Puig o terceros con sus finalidades y el per\u00edodo de conservaci\u00f3n, establecidos en el apartado cuarto de la presente pol\u00edtica de cookies.<\/p><p><strong>3. \u00bfQU\u00c9 TIPO DE COOKIES EXISTEN?<\/strong><\/p><p>A continuaci\u00f3n, se expone una clasificaci\u00f3n de las cookies que existen y pueden llegar a ser utilizadas en nuestro Sitio Web, teniendo en cuenta que una misma cookie puede estar incluida en m\u00e1s de una categor\u00eda.<\/p><p>Seg\u00fan <strong>la entidad que las gestiona<\/strong><\/p><p><span style=\"text-decoration: underline;\">Cookies propias:<\/span> aquellas que se env\u00edan a su equipo desde nuestros propios equipos o dominios y desde el que prestamos el servicio que nos solicita.<\/p><p><span style=\"text-decoration: underline;\">Cookies de terceros:<\/span> aquellas que se env\u00edan a su equipo desde un equipo o dominio que no es gestionado por nosotros, sino por otra entidad colaboradora.<\/p><p>Seg\u00fan el plazo de tiempo que permanecen activas<\/p><p><span style=\"text-decoration: underline;\">Cookies de sesi\u00f3n:<\/span> son aquellas dise\u00f1adas para pedir y almacenar datos mientras el<br \/>usuario accede a una p\u00e1gina web. Se suelen utilizar para almacenar informaci\u00f3n que s\u00f3lo interesa conservar para la prestaci\u00f3n del servicio solicitado por el usuario en una sola ocasi\u00f3n (por ejemplo, una lista de productos adquiridos) y desaparecen al finalizar la sesi\u00f3n.<\/p><p><span style=\"text-decoration: underline;\">Cookies persistentes:<\/span> son aquellas en las que los datos siguen almacenados en el terminal y pueden ser accedidos y tratados durante un per\u00edodo definido por el responsable de la cookie, y que puede ir de unos minutos a varios a\u00f1os.<\/p><p>Seg\u00fan la <strong>finalidad<\/strong><\/p><p><span style=\"text-decoration: underline;\">Cookies t\u00e9cnicas:<\/span> son aquellas que permiten la navegaci\u00f3n a trav\u00e9s del Sitio Web, incluyendo aquellas utilizadas para la gesti\u00f3n del Sitio Web y la habilitaci\u00f3n de sus funciones y servicios (p. ej.: controlar el tr\u00e1fico y la comunicaci\u00f3n de datos, identificar la sesi\u00f3n, acceder a partes de acceso restringido, recordar los elementos que integran un pedido, realizar el proceso de compra de un pedido, gestionar el pago, etc.). Estas galletas estar\u00e1n exceptuadas del cumplimiento de las obligaciones establecidas en el art\u00edculo 22.2 de la LSSI cuando permitan prestar el servicio solicitado por el usuario. Sin embargo, si estas cookies se utilizan para fines no exentos, quedar\u00e1n sujetas a estas obligaciones.<\/p><p><span style=\"text-decoration: underline;\">Cookies de personalizaci\u00f3n:<\/span> son aquellas que permiten recordar informaci\u00f3n para que pueda acceder al Sitio Web con determinadas caracter\u00edsticas que pueden diferenciar su experiencia de la de otros usuarios (p.ej.: el idioma, el n\u00famero de resultados a mostrar cuando el usuario realiza una b\u00fasqueda , el aspecto o contenido del servicio en funci\u00f3n del tipo de navegador a trav\u00e9s del cual el usuario accede al servicio o de la regi\u00f3n desde donde accede al servicio, etc.). Si es el mismo usuario el que elige estas caracter\u00edsticas (por ejemplo, seleccionando el idioma del sitio web clicando sobre el icono de la bandera que corresponde), las cookies estar\u00e1n exceptuadas de las obligaciones del art\u00edculo 22.2 de la LSSI por considerarse un servicio expresamente solicitado por el usuario, siempre que las cookies obedezcan a la finalidad seleccionada.<\/p><p><strong>Cookies de an\u00e1lisis o medici\u00f3n:<\/strong> son aquellas que permiten al responsable de las mismas el seguimiento y an\u00e1lisis del comportamiento de los usuarios, incluida la cuantificaci\u00f3n de los impactos de los anuncios. La informaci\u00f3n recogida mediante este tipo de cookies se utiliza en la medici\u00f3n de la actividad del Sitio Web para introducir mejoras en funci\u00f3n del an\u00e1lisis de los datos de uso que realizan los usuarios.<br \/>Cookies de publicidad comportamental: son aquellas que almacenan informaci\u00f3n del comportamiento de los usuarios obtenida a trav\u00e9s de la continua observaci\u00f3n de sus h\u00e1bitos de navegaci\u00f3n, lo que permite desarrollar un perfil espec\u00edfico para mostrar publicidad en funci\u00f3n del mismo.<\/p><p><strong>4. \u00bfQU\u00c9 COOKIES UTILIZAMOS EN NUESTRO SITIO WEB?<\/strong><\/p><p>Jordi Maym\u00f3 Puig utiliza las siguientes cookies:<\/p><table class=\"default\"><tbody><tr><td>TIPO DE COOKIE<\/td><td>NOMBRE DE COOKIE<\/td><td>DESCRIPCI\u00d3N\/<br \/>FINALIDAD<\/td><td>PROPIEDAD<br \/>PROVEEDOR<\/td><td>CADUCIDAD<\/td><td>TRANSFERENCIA INTERNACIONAL<\/td><\/tr><tr><td>Terceros<\/td><td>_ga<\/td><td>Cookie que se utiliza para realizar an\u00e1lisis del comportamiento del usuario<\/td><td><p>Editor\/terceros<\/p><p>Google<\/p><\/td><td>2 a\u00f1os<\/td><td>no<\/td><\/tr><\/tbody><\/table><p><strong>5.DURANTE \u00bfCU\u00c1NTO TIEMPO CONSERVAREMOS LA INFORMACI\u00d3N?<\/strong><\/p><p>En cumplimiento del arte. 13.2 del Reglamento (UE) 2016\/679, mantendremos la informaci\u00f3n recogida a trav\u00e9s de las cookies durante el tiempo imprescindible para cumplir con las finalidades indicadas en cada cookie.<br \/>En relaci\u00f3n a las cookies de terceros, los plazos de conservaci\u00f3n podr\u00e1n ser consultados en sus respectivas <a href=\"https:\/\/maymoestudi.cat\/es\/politica-de-privacidad\/\">Pol\u00edticas de Privacidad<\/a> y de Cookies que constan en la tabla anterior.<\/p><p><strong>6.\u00bfC\u00d3MO CONFIGURAR O DESHABILITAR LAS COOKIES?<\/strong><\/p><p>La legitimaci\u00f3n de Jordi Maym\u00f3 i Puig para el uso de cookies est\u00e1 basada en el consentimiento expreso que se le pide, de acuerdo con el art\u00edculo 6.1.a) del Reglamento (UE) 2016\/679.<\/p><p>El consentimiento que nos ha prestado es aplicable a las cookies del presente Sitio Web www.maymostudi.cat y de los sitios web de los terceros con los que colaboramos, especificados en el apartado \"\u00bfqu\u00e9 cookies utilizamos en nuestro sitio web?\" de la presente Pol\u00edtica.<\/p><p>Recuerde que en cualquier momento puede modificar o retirar su consentimiento a trav\u00e9s del banner situado en la parte inferior de nuestro Sitio Web (Gestiona su consentimiento).<\/p><p>Puede restringir, bloquear o borrar las cookies instaladas en su equipo mediante la configuraci\u00f3n de las opciones de su navegador de Internet:<\/p><p>Google Chrome: <a href=\"https:\/\/support.google.com\/accounts\/answer\/61416?co=GENIE.Platform=Desktop&amp;hl=es#\" target=\"_blank\" rel=\"noopener\">https:\/\/support.google.com\/accounts\/answer\/61416?co=GENIE.Platform=Desktop&amp;hl=es#<\/a><br \/>Mozilla Firefox: <a href=\"https:\/\/support.mozilla.org\/es\/kb\/habilitar-y-deshabilitar-cookies-sitios-web-rastrear-preferencias\" target=\"_blank\" rel=\"noopener\">https:\/\/support.mozilla.org\/es\/kb\/habilitar-y-deshabilitar-cookies-sitios-web-rastrear-preferencias<\/a><br \/>Internet Explorer: <a href=\"https:\/\/support.microsoft.com\/es-es\/topic\/eliminar-y-administrar-cookies-168dab11-0753-043d-7c16-ede5947fc64d\" target=\"_blank\" rel=\"noopener\">https:\/\/support.microsoft.com\/es-es\/topic\/eliminar-y-administrar-cookies-168dab11-0753-043d-7c16-ede5947fc64d<\/a><br \/>Safari: <a href=\"https:\/\/support.apple.com\/es-es\/guide\/safari\/sfri11471\/mac\" target=\"_blank\" rel=\"noopener\">https:\/\/support.apple.com\/es-es\/guide\/safari\/sfri11471\/mac<\/a><\/p><p><strong>7.INFORMACI\u00d3N ADICIONAL<\/strong><\/p><p>Para todas aquellas cuestiones referidas a la privacidad y protecci\u00f3n de datos, puedes consultar nuestra pol\u00edtica de privacidad.<br \/>Esta Pol\u00edtica de Cookies cumple las directrices establecidas por el Comit\u00e9 Europeo de Protecci\u00f3n de Datos adaptados a la Gu\u00eda de Cookies de la AEPD, ser\u00e1 objeto de modificaci\u00f3n siempre que sea necesario para adaptarla a la actualidad legislativa de cada momento o en cualquier variaci\u00f3n en el tipo de cookies utilizadas en el Sitio Web. Por ello, le recomendamos revisar esta Pol\u00edtica cada vez que acceda a nuestro Sitio Web con el objetivo de mantenerle informado sobre c\u00f3mo y para qu\u00e9 utilizamos las cookies.<\/p>\t\t\t\t\t\t\t\t<\/div>\n\t\t\t\t<\/div>\n\t\t\t\t\t<\/div>\n\t\t\t\t<\/div>\n\t\t\t\t<\/div>","protected":false},"excerpt":{"rendered":"<p>Jordi Maym\u00f3 i Puig, titular d&#8217;aquest Lloc Web www.maymostudi.cat, utilitza cookies pr\u00f2pies i de tercers per a diferents finalitats. Jordi Maym\u00f3 i Puig recorre a l&#8217;\u00fas de cookies als efectes de complir les exig\u00e8ncies legals previstes a la Llei 34\/2002, d&#8217;11 de juliol, de serveis de la societat de la informaci\u00f3 i de comer\u00e7 electr\u00f2nic [&hellip;]<\/p>","protected":false},"author":1,"featured_media":0,"parent":0,"menu_order":21,"comment_status":"closed","ping_status":"closed","template":"","meta":{"footnotes":""},"class_list":["post-1143","page","type-page","status-publish","hentry"],"_links":{"self":[{"href":"https:\/\/maymoestudi.cat\/es\/wp-json\/wp\/v2\/pages\/1143","targetHints":{"allow":["GET"]}}],"collection":[{"href":"https:\/\/maymoestudi.cat\/es\/wp-json\/wp\/v2\/pages"}],"about":[{"href":"https:\/\/maymoestudi.cat\/es\/wp-json\/wp\/v2\/types\/page"}],"author":[{"embeddable":true,"href":"https:\/\/maymoestudi.cat\/es\/wp-json\/wp\/v2\/users\/1"}],"replies":[{"embeddable":true,"href":"https:\/\/maymoestudi.cat\/es\/wp-json\/wp\/v2\/comments?post=1143"}],"version-history":[{"count":13,"href":"https:\/\/maymoestudi.cat\/es\/wp-json\/wp\/v2\/pages\/1143\/revisions"}],"predecessor-version":[{"id":1562,"href":"https:\/\/maymoestudi.cat\/es\/wp-json\/wp\/v2\/pages\/1143\/revisions\/1562"}],"wp:attachment":[{"href":"https:\/\/maymoestudi.cat\/es\/wp-json\/wp\/v2\/media?parent=1143"}],"curies":[{"name":"wp","href":"https:\/\/api.w.org\/{rel}","templated":true}]}}