{"id":1153,"date":"2024-02-21T09:32:41","date_gmt":"2024-02-21T09:32:41","guid":{"rendered":"https:\/\/maymoestudi.cat\/?page_id=1153"},"modified":"2024-07-18T09:56:48","modified_gmt":"2024-07-18T09:56:48","slug":"estudi","status":"publish","type":"page","link":"https:\/\/maymoestudi.cat\/es\/estudio\/","title":{"rendered":"Estudio"},"content":{"rendered":"<div data-elementor-type=\"wp-page\" data-elementor-id=\"1153\" class=\"elementor elementor-1153\" data-elementor-post-type=\"page\">\n\t\t\t\t\t\t<section class=\"elementor-section elementor-top-section elementor-element elementor-element-7033ae76 elementor-section-height-min-height elementor-section-boxed elementor-section-height-default elementor-section-items-middle\" data-id=\"7033ae76\" data-element_type=\"section\" data-settings=\"{&quot;background_background&quot;:&quot;classic&quot;}\">\n\t\t\t\t\t\t\t<div class=\"elementor-background-overlay\"><\/div>\n\t\t\t\t\t\t\t<div class=\"elementor-container elementor-column-gap-default\">\n\t\t\t\t\t<div class=\"elementor-column elementor-col-100 elementor-top-column elementor-element elementor-element-422f495e\" data-id=\"422f495e\" data-element_type=\"column\">\n\t\t\t<div class=\"elementor-widget-wrap elementor-element-populated\">\n\t\t\t\t\t\t<div class=\"elementor-element elementor-element-1c510b2 elementor-invisible elementor-widget elementor-widget-heading\" data-id=\"1c510b2\" data-element_type=\"widget\" data-settings=\"{&quot;_animation&quot;:&quot;fadeIn&quot;}\" data-widget_type=\"heading.default\">\n\t\t\t\t<div class=\"elementor-widget-container\">\n\t\t\t\t\t<h1 class=\"elementor-heading-title elementor-size-default\">Estudio<\/h1>\t\t\t\t<\/div>\n\t\t\t\t<\/div>\n\t\t\t\t<div class=\"elementor-element elementor-element-1f141abd elementor-icon-list--layout-inline elementor-align-center elementor-list-item-link-full_width elementor-invisible elementor-widget elementor-widget-icon-list\" data-id=\"1f141abd\" data-element_type=\"widget\" data-settings=\"{&quot;_animation&quot;:&quot;fadeIn&quot;,&quot;_animation_delay&quot;:200}\" data-widget_type=\"icon-list.default\">\n\t\t\t\t<div class=\"elementor-widget-container\">\n\t\t\t\t\t\t\t<ul class=\"elementor-icon-list-items elementor-inline-items\">\n\t\t\t\t\t\t\t<li class=\"elementor-icon-list-item elementor-inline-item\">\n\t\t\t\t\t\t\t\t\t\t\t<a href=\"https:\/\/maymoestudi.cat\/es\">\n\n\t\t\t\t\t\t\t\t\t\t\t<span class=\"elementor-icon-list-text\">Maym&oacute; Estudi<\/span>\n\t\t\t\t\t\t\t\t\t\t\t<\/a>\n\t\t\t\t\t\t\t\t\t<\/li>\n\t\t\t\t\t\t\t\t<li class=\"elementor-icon-list-item elementor-inline-item\">\n\t\t\t\t\t\t\t\t\t\t\t<span class=\"elementor-icon-list-icon\">\n\t\t\t\t\t\t\t<i aria-hidden=\"true\" class=\"icon icon-right-arrow\"><\/i>\t\t\t\t\t\t<\/span>\n\t\t\t\t\t\t\t\t\t\t<span class=\"elementor-icon-list-text\">Estudio<\/span>\n\t\t\t\t\t\t\t\t\t<\/li>\n\t\t\t\t\t\t<\/ul>\n\t\t\t\t\t\t<\/div>\n\t\t\t\t<\/div>\n\t\t\t\t\t<\/div>\n\t\t<\/div>\n\t\t\t\t\t<\/div>\n\t\t<\/section>\n\t\t\t\t<section class=\"elementor-section elementor-top-section elementor-element elementor-element-53117a6d elementor-section-boxed elementor-section-height-default elementor-section-height-default\" data-id=\"53117a6d\" data-element_type=\"section\" data-settings=\"{&quot;background_background&quot;:&quot;classic&quot;}\">\n\t\t\t\t\t\t<div class=\"elementor-container elementor-column-gap-default\">\n\t\t\t\t\t<div class=\"elementor-column elementor-col-50 elementor-top-column elementor-element elementor-element-6b5793f\" data-id=\"6b5793f\" data-element_type=\"column\">\n\t\t\t<div class=\"elementor-widget-wrap elementor-element-populated\">\n\t\t\t\t\t\t<div class=\"elementor-element elementor-element-12661bd elementor-invisible elementor-widget elementor-widget-elementskit-heading\" data-id=\"12661bd\" data-element_type=\"widget\" data-settings=\"{&quot;_animation&quot;:&quot;fadeIn&quot;}\" data-widget_type=\"elementskit-heading.default\">\n\t\t\t\t<div class=\"elementor-widget-container\">\n\t\t\t\t\t<div class=\"ekit-wid-con\" ><div class=\"ekit-heading elementskit-section-title-wraper text_left   ekit_heading_tablet-   ekit_heading_mobile-\"><h2 class=\"ekit-heading--title elementskit-section-title\">Jordi Maym\u00f3 Puig<\/h2><\/div><\/div>\t\t\t\t<\/div>\n\t\t\t\t<\/div>\n\t\t\t\t<div class=\"elementor-element elementor-element-259ecd0e elementor-invisible elementor-widget elementor-widget-text-editor\" data-id=\"259ecd0e\" data-element_type=\"widget\" data-settings=\"{&quot;_animation&quot;:&quot;fadeIn&quot;,&quot;_animation_delay&quot;:200}\" data-widget_type=\"text-editor.default\">\n\t\t\t\t<div class=\"elementor-widget-container\">\n\t\t\t\t\t\t\t\t\t<p>Arquitecto T\u00e9cnico por la Universidad Pompeu Fabra desde el a\u00f1o 2006.<br>\nColegiado n\u00fam. 1566 en el Colegio de la Arquitectura T\u00e9cnica de Girona.<\/p>\n<p>M\u00e1ster Superior en Visualizaciones Arquitect\u00f3nicas. FX Archviz School 2024<br>\nColegiado n\u00fam. 1566 en el Colegio de la Arquitectura T\u00e9cnica de Girona.<br>\nPostgrado Construction Management. Colegio AT Barcelona 2009<br>\nGraduado Superior en Dise\u00f1o. Escuela Elisava 2000<\/p>\n<p>Los diversos servicios que ofrece el estudio persiguen proporcionar la asistencia necesaria para satisfer sus necesidades a:<\/p>\n<ul>\n<li>Realizaci\u00f3n de inspecciones.<\/li>\n<li>Redacci\u00f3n de informes y certificaciones.<\/li>\n<li>Gesti\u00f3n de tr\u00e1mites Administrativos.<\/li>\n<li>Delineaci\u00f3n de planos.<\/li>\n<li>Creaci\u00f3n de im\u00e1genes y material gr\u00e1fico.<\/li>\n<\/ul><div><br><\/div>\n<p>Estoy aqu\u00ed para sumar, para hacer equipo y colaborar, siempre abierto a nuevas propuestas en las que poder aportar mi ayuda, experiencia y participar en nuevos retos profesionales. Ponte en contacto conmigo y hablemos.<\/p>\n<p>\"Los cambios son constante y siempre, una oportunidad para aprender y mejorar\".<\/p>\t\t\t\t\t\t\t\t<\/div>\n\t\t\t\t<\/div>\n\t\t\t\t<div class=\"elementor-element elementor-element-aaf950a elementor-widget elementor-widget-image\" data-id=\"aaf950a\" data-element_type=\"widget\" data-widget_type=\"image.default\">\n\t\t\t\t<div class=\"elementor-widget-container\">\n\t\t\t\t\t\t\t\t\t\t\t\t\t\t\t<img decoding=\"async\" width=\"220\" height=\"180\" src=\"https:\/\/maymoestudi.cat\/wp-content\/uploads\/jordimaymo_Firma-220x180-1.png\" class=\"attachment-large size-large wp-image-1160\" alt=\"\" \/>\t\t\t\t\t\t\t\t\t\t\t\t\t\t\t<\/div>\n\t\t\t\t<\/div>\n\t\t\t\t\t<\/div>\n\t\t<\/div>\n\t\t\t\t<div class=\"elementor-column elementor-col-50 elementor-top-column elementor-element elementor-element-3d12046a elementor-invisible\" data-id=\"3d12046a\" data-element_type=\"column\" data-settings=\"{&quot;background_background&quot;:&quot;classic&quot;,&quot;animation&quot;:&quot;fadeIn&quot;}\">\n\t\t\t<div class=\"elementor-widget-wrap elementor-element-populated\">\n\t\t\t\t\t\t<div class=\"elementor-element elementor-element-e7587da elementor-widget elementor-widget-image\" data-id=\"e7587da\" data-element_type=\"widget\" data-widget_type=\"image.default\">\n\t\t\t\t<div class=\"elementor-widget-container\">\n\t\t\t\t\t\t\t\t\t\t\t\t\t\t\t<img fetchpriority=\"high\" decoding=\"async\" width=\"1525\" height=\"2560\" src=\"https:\/\/maymoestudi.cat\/wp-content\/uploads\/JordiMaymoPuig-scaled.jpg\" class=\"attachment-full size-full wp-image-1619\" alt=\"\" srcset=\"https:\/\/maymoestudi.cat\/wp-content\/uploads\/JordiMaymoPuig-scaled.jpg 1525w, https:\/\/maymoestudi.cat\/wp-content\/uploads\/JordiMaymoPuig-179x300.jpg 179w, https:\/\/maymoestudi.cat\/wp-content\/uploads\/JordiMaymoPuig-610x1024.jpg 610w, https:\/\/maymoestudi.cat\/wp-content\/uploads\/JordiMaymoPuig-768x1290.jpg 768w, https:\/\/maymoestudi.cat\/wp-content\/uploads\/JordiMaymoPuig-915x1536.jpg 915w, https:\/\/maymoestudi.cat\/wp-content\/uploads\/JordiMaymoPuig-1220x2048.jpg 1220w, https:\/\/maymoestudi.cat\/wp-content\/uploads\/JordiMaymoPuig-7x12.jpg 7w\" sizes=\"(max-width: 1525px) 100vw, 1525px\" \/>\t\t\t\t\t\t\t\t\t\t\t\t\t\t\t<\/div>\n\t\t\t\t<\/div>\n\t\t\t\t\t<\/div>\n\t\t<\/div>\n\t\t\t\t\t<\/div>\n\t\t<\/section>\n\t\t<div class=\"elementor-element elementor-element-8925a95 e-flex e-con-boxed e-con e-parent\" data-id=\"8925a95\" data-element_type=\"container\" data-settings=\"{&quot;background_background&quot;:&quot;classic&quot;}\">\n\t\t\t\t\t<div class=\"e-con-inner\">\n\t\t\t\t<div class=\"elementor-element elementor-element-57a54b9d elementor-widget elementor-widget-heading\" data-id=\"57a54b9d\" data-element_type=\"widget\" data-widget_type=\"heading.default\">\n\t\t\t\t<div class=\"elementor-widget-container\">\n\t\t\t\t\t<h2 class=\"elementor-heading-title elementor-size-default\">Valores<\/h2>\t\t\t\t<\/div>\n\t\t\t\t<\/div>\n\t\t\t\t\t<\/div>\n\t\t\t\t<\/div>\n\t\t<div class=\"elementor-element elementor-element-5b1975e1 e-flex e-con-boxed e-con e-parent\" data-id=\"5b1975e1\" data-element_type=\"container\" data-settings=\"{&quot;background_background&quot;:&quot;classic&quot;}\">\n\t\t\t\t\t<div class=\"e-con-inner\">\n\t\t<div class=\"elementor-element elementor-element-73528360 e-con-full e-flex e-con e-child\" data-id=\"73528360\" data-element_type=\"container\">\n\t\t\t\t<div class=\"elementor-element elementor-element-d00adfb elementor-cta--layout-image-left elementor-cta--valign-middle elementor-cta--skin-classic elementor-animated-content elementor-bg-transform elementor-bg-transform-zoom-in elementor-widget elementor-widget-call-to-action\" data-id=\"d00adfb\" data-element_type=\"widget\" data-widget_type=\"call-to-action.default\">\n\t\t\t\t<div class=\"elementor-widget-container\">\n\t\t\t\t\t\t\t<div class=\"elementor-cta\">\n\t\t\t\t\t\t\t<div class=\"elementor-cta__content\">\n\t\t\t\t\t\t\t\t\t<div class=\"elementor-content-item elementor-cta__content-item elementor-cta__image\">\n\t\t\t\t\t\t<img decoding=\"async\" src=\"https:\/\/maymoestudi.cat\/wp-content\/uploads\/elementor\/thumbs\/estudi-valor-honestedad-qq4rg07wh91aof5zjg3fj3k1gxxvyvuoo1lg9cb1da.png\" title=\"estudi- valor-honestedad\" alt=\"estudi- valor-honestedad\" loading=\"lazy\" \/>\t\t\t\t\t<\/div>\n\t\t\t\t\n\t\t\t\t\t\t\t\t\t<h3 class=\"elementor-cta__title elementor-cta__content-item elementor-content-item\">\n\t\t\t\t\t\tHonestidad\t\t\t\t\t<\/h3>\n\t\t\t\t\n\t\t\t\t\t\t\t\t\t<div class=\"elementor-cta__description elementor-cta__content-item elementor-content-item\">\n\t\t\t\t\t\tTransparencia y sinceridad como pilares para generar confianza entre personas.\t\t\t\t\t<\/div>\n\t\t\t\t\n\t\t\t\t\t\t\t<\/div>\n\t\t\t\t\t\t<\/div>\n\t\t\t\t\t\t<\/div>\n\t\t\t\t<\/div>\n\t\t\t\t<\/div>\n\t\t<div class=\"elementor-element elementor-element-56cb08f2 e-con-full e-flex e-con e-child\" data-id=\"56cb08f2\" data-element_type=\"container\">\n\t\t\t\t<div class=\"elementor-element elementor-element-92b7f66 elementor-cta--layout-image-left elementor-cta--valign-middle elementor-cta--skin-classic elementor-animated-content elementor-bg-transform elementor-bg-transform-zoom-in elementor-widget elementor-widget-call-to-action\" data-id=\"92b7f66\" data-element_type=\"widget\" data-widget_type=\"call-to-action.default\">\n\t\t\t\t<div class=\"elementor-widget-container\">\n\t\t\t\t\t\t\t<div class=\"elementor-cta\">\n\t\t\t\t\t\t\t<div class=\"elementor-cta__content\">\n\t\t\t\t\t\t\t\t\t<div class=\"elementor-content-item elementor-cta__content-item elementor-cta__image\">\n\t\t\t\t\t\t<img decoding=\"async\" src=\"https:\/\/maymoestudi.cat\/wp-content\/uploads\/elementor\/thumbs\/estudi-valor-responsabilitat-qq4rg15qo32l014mdyi23lbi2bt96kyf068xqm9n72.png\" title=\"estudi-valor-responsabilitat\" alt=\"estudi-valor-responsabilitat\" loading=\"lazy\" \/>\t\t\t\t\t<\/div>\n\t\t\t\t\n\t\t\t\t\t\t\t\t\t<h3 class=\"elementor-cta__title elementor-cta__content-item elementor-content-item\">\n\t\t\t\t\t\tResponsabilidad\t\t\t\t\t<\/h3>\n\t\t\t\t\n\t\t\t\t\t\t\t\t\t<div class=\"elementor-cta__description elementor-cta__content-item elementor-content-item\">\n\t\t\t\t\t\tEl tiempo tiene mucho valor, para m\u00ed y para todos. No cojo compromisos que no considere factibles y realistas\t\t\t\t\t<\/div>\n\t\t\t\t\n\t\t\t\t\t\t\t<\/div>\n\t\t\t\t\t\t<\/div>\n\t\t\t\t\t\t<\/div>\n\t\t\t\t<\/div>\n\t\t\t\t<\/div>\n\t\t<div class=\"elementor-element elementor-element-5fb2cfe1 e-con-full e-flex e-con e-child\" data-id=\"5fb2cfe1\" data-element_type=\"container\">\n\t\t\t\t<div class=\"elementor-element elementor-element-a58333d elementor-cta--layout-image-left elementor-cta--valign-middle elementor-cta--skin-classic elementor-animated-content elementor-bg-transform elementor-bg-transform-zoom-in elementor-widget elementor-widget-call-to-action\" data-id=\"a58333d\" data-element_type=\"widget\" data-widget_type=\"call-to-action.default\">\n\t\t\t\t<div class=\"elementor-widget-container\">\n\t\t\t\t\t\t\t<div class=\"elementor-cta\">\n\t\t\t\t\t\t\t<div class=\"elementor-cta__content\">\n\t\t\t\t\t\t\t\t\t<div class=\"elementor-content-item elementor-cta__content-item elementor-cta__image\">\n\t\t\t\t\t\t<img decoding=\"async\" src=\"https:\/\/maymoestudi.cat\/wp-content\/uploads\/elementor\/thumbs\/estudi-valor-qualitat-qq4rg15qo32l014mdyi23lbi2bt96kyf068xqm9n72.png\" title=\"estudi-valor-qualitat\" alt=\"estudi-valor-qualitat\" loading=\"lazy\" \/>\t\t\t\t\t<\/div>\n\t\t\t\t\n\t\t\t\t\t\t\t\t\t<h3 class=\"elementor-cta__title elementor-cta__content-item elementor-content-item\">\n\t\t\t\t\t\tCalidad\t\t\t\t\t<\/h3>\n\t\t\t\t\n\t\t\t\t\t\t\t\t\t<div class=\"elementor-cta__description elementor-cta__content-item elementor-content-item\">\n\t\t\t\t\t\tVoluntad de dar lo mejor de m\u00ed en cada servicio, encargo, proyecto o entrega.\t\t\t\t\t<\/div>\n\t\t\t\t\n\t\t\t\t\t\t\t<\/div>\n\t\t\t\t\t\t<\/div>\n\t\t\t\t\t\t<\/div>\n\t\t\t\t<\/div>\n\t\t\t\t<\/div>\n\t\t<div class=\"elementor-element elementor-element-16975afd e-con-full e-flex e-con e-child\" data-id=\"16975afd\" data-element_type=\"container\">\n\t\t\t\t<div class=\"elementor-element elementor-element-32689abd elementor-cta--layout-image-left elementor-cta--valign-middle elementor-cta--skin-classic elementor-animated-content elementor-bg-transform elementor-bg-transform-zoom-in elementor-widget elementor-widget-call-to-action\" data-id=\"32689abd\" data-element_type=\"widget\" data-widget_type=\"call-to-action.default\">\n\t\t\t\t<div class=\"elementor-widget-container\">\n\t\t\t\t\t\t\t<div class=\"elementor-cta\">\n\t\t\t\t\t\t\t<div class=\"elementor-cta__content\">\n\t\t\t\t\t\t\t\t\t<div class=\"elementor-content-item elementor-cta__content-item elementor-cta__image\">\n\t\t\t\t\t\t<img decoding=\"async\" src=\"https:\/\/maymoestudi.cat\/wp-content\/uploads\/elementor\/thumbs\/estudi-valor-compromis-qq4rg07wh91aof5zjg3fj3k1gxxvyvuoo1lg9cb1da.png\" title=\"estudi-valor-compromis\" alt=\"estudi-valor-compromis\" loading=\"lazy\" \/>\t\t\t\t\t<\/div>\n\t\t\t\t\n\t\t\t\t\t\t\t\t\t<h3 class=\"elementor-cta__title elementor-cta__content-item elementor-content-item\">\n\t\t\t\t\t\tCompromiso\t\t\t\t\t<\/h3>\n\t\t\t\t\n\t\t\t\t\t\t\t\t\t<div class=\"elementor-cta__description elementor-cta__content-item elementor-content-item\">\n\t\t\t\t\t\tConstante aprendizaje para buscar la mejor soluci\u00f3n en cada reto profesional.\t\t\t\t\t<\/div>\n\t\t\t\t\n\t\t\t\t\t\t\t<\/div>\n\t\t\t\t\t\t<\/div>\n\t\t\t\t\t\t<\/div>\n\t\t\t\t<\/div>\n\t\t\t\t<\/div>\n\t\t\t\t\t<\/div>\n\t\t\t\t<\/div>\n\t\t\t\t<\/div>","protected":false},"excerpt":{"rendered":"<p>Jordi Maym\u00f3 i Puig Arquitecte T\u00e8cnic per la Universitat Pompeu Fabra des de l\u2019any 2006. Col\u00b7legiat n\u00fam. 1566 en el Col\u00b7legi de l&#8217;Arquitectura T\u00e8cnica de Girona. M\u00e0ster Superior en Visualitzacions Arquitect\u00f2niques. FX Archviz School 2024 Curs en Certificaci\u00f3 Energ\u00e8tica d\u2019edificis nous i existents (CE3X). Col\u00b7legi AT Girona 2024 Postgrau Construction Management. Col\u00b7legi AT Barcelona 2009 [&hellip;]<\/p>","protected":false},"author":1,"featured_media":0,"parent":0,"menu_order":14,"comment_status":"closed","ping_status":"closed","template":"","meta":{"footnotes":""},"class_list":["post-1153","page","type-page","status-publish","hentry"],"_links":{"self":[{"href":"https:\/\/maymoestudi.cat\/es\/wp-json\/wp\/v2\/pages\/1153","targetHints":{"allow":["GET"]}}],"collection":[{"href":"https:\/\/maymoestudi.cat\/es\/wp-json\/wp\/v2\/pages"}],"about":[{"href":"https:\/\/maymoestudi.cat\/es\/wp-json\/wp\/v2\/types\/page"}],"author":[{"embeddable":true,"href":"https:\/\/maymoestudi.cat\/es\/wp-json\/wp\/v2\/users\/1"}],"replies":[{"embeddable":true,"href":"https:\/\/maymoestudi.cat\/es\/wp-json\/wp\/v2\/comments?post=1153"}],"version-history":[{"count":47,"href":"https:\/\/maymoestudi.cat\/es\/wp-json\/wp\/v2\/pages\/1153\/revisions"}],"predecessor-version":[{"id":1805,"href":"https:\/\/maymoestudi.cat\/es\/wp-json\/wp\/v2\/pages\/1153\/revisions\/1805"}],"wp:attachment":[{"href":"https:\/\/maymoestudi.cat\/es\/wp-json\/wp\/v2\/media?parent=1153"}],"curies":[{"name":"wp","href":"https:\/\/api.w.org\/{rel}","templated":true}]}}